{"id":101,"date":"2017-10-18T14:48:20","date_gmt":"2017-10-18T13:48:20","guid":{"rendered":"https:\/\/aphros-wine.com\/en\/?page_id=101"},"modified":"2018-01-12T12:21:13","modified_gmt":"2018-01-12T12:21:13","slug":"grape-varieties","status":"publish","type":"page","link":"https:\/\/aphros-wine.com\/en\/project\/grape-varieties\/","title":{"rendered":"Grape varieties"},"content":{"rendered":"\n\t<section class=\"section dark has-scroll-for-more\" id=\"section_76519254\">\n\t\t<div class=\"section-bg fill\" >\n\t\t\t<img loading=\"lazy\" decoding=\"async\" width=\"1080\" height=\"1080\" src=\"https:\/\/aphros-wine.com\/en\/wp-content\/uploads\/2017\/12\/folhadavideira.jpg\" class=\"bg attachment-orginal size-orginal\" alt=\"\" \/>\t\t\t\t\t\t<div class=\"section-bg-overlay absolute fill\"><\/div><div class=\"loading-spin centered\"><\/div><button class=\"scroll-for-more z-5 icon absolute bottom h-center\" aria-label=\"Scroll for more\"><i class=\"icon-angle-down\" aria-hidden=\"true\" style=\"font-size:42px;\"><\/i><\/button>\n\t\t\t\n\n\t\t<\/div>\n\n\t\t\n\n\t\t<div class=\"section-content relative\">\n\t\t\t\n\n  <div class=\"banner has-hover\" id=\"banner-721232590\">\n          <div class=\"banner-inner fill\">\n        <div class=\"banner-bg fill\" >\n                                                \n                    <\/div>\n\t\t\n        <div class=\"banner-layers container\">\n            <div class=\"fill banner-link\"><\/div>            \n   <div id=\"text-box-1406985402\" class=\"text-box banner-layer x50 md-x50 lg-x50 y50 md-y50 lg-y50 res-text\">\n                                <div class=\"text-box-content text dark\">\n              \n              <div class=\"text-inner text-center\">\n                  \n<h1 class=\"uppercase\" style=\"text-align: center;\">Grape varieties<\/h1>\n              <\/div>\n           <\/div>\n                            \n<style>\n#text-box-1406985402 {\n  width: 84%;\n}\n#text-box-1406985402 .text-box-content {\n  font-size: 100%;\n}\n<\/style>\n    <\/div>\n \n        <\/div>\n      <\/div>\n\n            \n<style>\n#banner-721232590 {\n  padding-top: 360px;\n  background-color: rgba(255, 255, 255, 0);\n}\n<\/style>\n  <\/div>\n\n\n\t\t<\/div>\n\n\t\t\n<style>\n#section_76519254 {\n  padding-top: 30px;\n  padding-bottom: 30px;\n}\n#section_76519254 .section-bg-overlay {\n  background-color: rgba(0, 0, 0, 0.35);\n}\n<\/style>\n\t<\/section>\n\t\n\t<div id=\"gap-412208999\" class=\"gap-element clearfix\" style=\"display:block; height:auto;\">\n\t\t\n<style>\n#gap-412208999 {\n  padding-top: 60px;\n}\n<\/style>\n\t<\/div>\n\t\n<div class=\"row\"  id=\"row-964453083\">\n\n\t<div id=\"col-661871325\" class=\"col medium-4 small-12 large-4\"  >\n\t\t\t\t<div class=\"col-inner\"  >\n\t\t\t\n\t\t\t\n\t<div class=\"img has-hover x md-x lg-x y md-y lg-y\" id=\"image_1312278277\">\n\t\t\t\t\t\t\t\t<div class=\"img-inner dark\" >\n\t\t\t<img loading=\"lazy\" decoding=\"async\" width=\"640\" height=\"640\" src=\"https:\/\/aphros-wine.com\/en\/wp-content\/uploads\/2017\/12\/uvascomsol.jpg\" class=\"attachment-large size-large\" alt=\"\" srcset=\"https:\/\/aphros-wine.com\/en\/wp-content\/uploads\/2017\/12\/uvascomsol.jpg 640w, https:\/\/aphros-wine.com\/en\/wp-content\/uploads\/2017\/12\/uvascomsol-150x150.jpg 150w, https:\/\/aphros-wine.com\/en\/wp-content\/uploads\/2017\/12\/uvascomsol-300x300.jpg 300w\" sizes=\"auto, (max-width: 640px) 100vw, 640px\" \/>\t\t\t\t\t\t\n\t\t\t\t\t<\/div>\n\t\t\t\t\t\t\t\t\n<style>\n#image_1312278277 {\n  width: 100%;\n}\n<\/style>\n\t<\/div>\n\t\n\t\t<\/div>\n\t\t\t\t\t<\/div>\n\n\t\n\n\t<div id=\"col-1078844067\" class=\"col medium-8 small-12 large-8\"  >\n\t\t\t\t<div class=\"col-inner\"  >\n\t\t\t\n\t\t\t\n<h2>Loureiro<\/h2>\n<p><i>\u201cLoureiro is a grape so light and subtle it makes Audrey Hepburn look like a heavy weight\u201d. Jonathan Nossiter<\/i><\/p>\n<p>Forming with Alvarinho the most aromatic duo of Vinho Verde varieties, Loureiro finds its fullest expression in Lima Valley. With primary aromas where citrus fruits predominate, young Loureiro wines typically show floral notes of Laurel and Roses. Litchi, peach, apple and perfumed melon are other possible nuances around the citric core. As it ages (Loureiro wines can age marvellously) the minerality comes forth together with smokiness, kerosene, hints of dried fruits, orange blossom and honey.\u00a0<\/p>\n\t\t<\/div>\n\t\t\t\t\t<\/div>\n\n\t\n<\/div>\n\t<div id=\"gap-613448146\" class=\"gap-element clearfix\" style=\"display:block; height:auto;\">\n\t\t\n<style>\n#gap-613448146 {\n  padding-top: 60px;\n}\n<\/style>\n\t<\/div>\n\t\n<div class=\"row\"  id=\"row-191538026\">\n\n\t<div id=\"col-721659832\" class=\"col medium-4 small-12 large-4\"  >\n\t\t\t\t<div class=\"col-inner\"  >\n\t\t\t\n\t\t\t\n\t<div class=\"img has-hover x md-x lg-x y md-y lg-y\" id=\"image_2131874979\">\n\t\t\t\t\t\t\t\t<div class=\"img-inner dark\" >\n\t\t\t<img loading=\"lazy\" decoding=\"async\" width=\"640\" height=\"640\" src=\"https:\/\/aphros-wine.com\/en\/wp-content\/uploads\/2018\/01\/vinhao.jpg\" class=\"attachment-large size-large\" alt=\"\" srcset=\"https:\/\/aphros-wine.com\/en\/wp-content\/uploads\/2018\/01\/vinhao.jpg 640w, https:\/\/aphros-wine.com\/en\/wp-content\/uploads\/2018\/01\/vinhao-150x150.jpg 150w, https:\/\/aphros-wine.com\/en\/wp-content\/uploads\/2018\/01\/vinhao-300x300.jpg 300w\" sizes=\"auto, (max-width: 640px) 100vw, 640px\" \/>\t\t\t\t\t\t\n\t\t\t\t\t<\/div>\n\t\t\t\t\t\t\t\t\n<style>\n#image_2131874979 {\n  width: 100%;\n}\n<\/style>\n\t<\/div>\n\t\n\t\t<\/div>\n\t\t\t\t\t<\/div>\n\n\t\n\n\t<div id=\"col-762241633\" class=\"col medium-8 small-12 large-8\"  >\n\t\t\t\t<div class=\"col-inner\"  >\n\t\t\t\n\t\t\t\n<h2>Vinh\u00e3o<\/h2>\n<p>A teinturi\u00e8re grape which the most planted red variety in the Vinho Verde Region. It is known as Sous\u00e3o in Douro, where it is used for making assemblages for Port wine. Very deep in color, Vinh\u00e3o wines are intensely fruited (black cherries, raspberries, cassis), tannic and with a challenging acidity that makes them highly gastronomic.<\/p>\n<p>Due to their irreverent and unusual character, Vinho Verde reds are probably the most original and at the same time controversial wines of Portugal. The attention paid in recent years by international writers to Aphros Vinh\u00e3o has raised the discussion, making it one of the most talked about Portuguese varieties.<\/p>\n\t\t<\/div>\n\t\t\t\t\t<\/div>\n\n\t\n<\/div>\n\t<div id=\"gap-303806251\" class=\"gap-element clearfix\" style=\"display:block; height:auto;\">\n\t\t\n<style>\n#gap-303806251 {\n  padding-top: 60px;\n}\n<\/style>\n\t<\/div>\n\t\n<div class=\"row\"  id=\"row-613400172\">\n\n\t<div id=\"col-811298531\" class=\"col medium-4 small-12 large-4\"  >\n\t\t\t\t<div class=\"col-inner\"  >\n\t\t\t\n\t\t\t\n\t<div class=\"img has-hover x md-x lg-x y md-y lg-y\" id=\"image_1032226169\">\n\t\t\t\t\t\t\t\t<div class=\"img-inner dark\" >\n\t\t\t<img loading=\"lazy\" decoding=\"async\" width=\"640\" height=\"640\" src=\"https:\/\/aphros-wine.com\/en\/wp-content\/uploads\/2018\/01\/alvarelhao.jpg\" class=\"attachment-large size-large\" alt=\"\" srcset=\"https:\/\/aphros-wine.com\/en\/wp-content\/uploads\/2018\/01\/alvarelhao.jpg 640w, https:\/\/aphros-wine.com\/en\/wp-content\/uploads\/2018\/01\/alvarelhao-150x150.jpg 150w, https:\/\/aphros-wine.com\/en\/wp-content\/uploads\/2018\/01\/alvarelhao-300x300.jpg 300w\" sizes=\"auto, (max-width: 640px) 100vw, 640px\" \/>\t\t\t\t\t\t\n\t\t\t\t\t<\/div>\n\t\t\t\t\t\t\t\t\n<style>\n#image_1032226169 {\n  width: 100%;\n}\n<\/style>\n\t<\/div>\n\t\n\t\t<\/div>\n\t\t\t\t\t<\/div>\n\n\t\n\n\t<div id=\"col-1499452766\" class=\"col medium-8 small-12 large-8\"  >\n\t\t\t\t<div class=\"col-inner\"  >\n\t\t\t\n\t\t\t\n<h2>Alvarelh\u00e3o<\/h2>\n<p>Now almost forgotten and in extinction, it was once considered a most noble variety, and spread over most of the Iberian Peninsula. In Vinho Verde region it was the variety from which the \u201cwine of the lords\u201d was made: refined, elegant clarets to be consumed by the local aristocracy, and made from low vines instead of the prevalent pergola system. Although one of the main red varieties recommended by the Vinho Verde Comission, it is most rarely used for varietals, thus keeping the region\u2019s potencial for elegance in reds to be kept occult in favour of more pungent and rustic styles.\u00a0<\/p>\n<p>Very light in colour and alcohol, it has the attributes of delicacy and aromatic complexity and high acidity. The aroma ranges from black plums, sage, and rose petals to pine needles and coffee.<\/p>\n\t\t<\/div>\n\t\t\t\t\t<\/div>\n\n\t\n<\/div>\n","protected":false},"excerpt":{"rendered":"","protected":false},"author":1,"featured_media":0,"parent":13,"menu_order":0,"comment_status":"closed","ping_status":"closed","template":"page-blank.php","meta":{"footnotes":""},"class_list":["post-101","page","type-page","status-publish","hentry"],"yoast_head":"<!-- This site is optimized with the Yoast SEO plugin v26.6 - https:\/\/yoast.com\/wordpress\/plugins\/seo\/ -->\n<title>Grape varieties - Aphros Wine<\/title>\n<meta name=\"robots\" content=\"index, follow, max-snippet:-1, max-image-preview:large, max-video-preview:-1\" \/>\n<link rel=\"canonical\" href=\"https:\/\/aphros-wine.com\/en\/project\/grape-varieties\/\" \/>\n<meta property=\"og:locale\" content=\"en_US\" \/>\n<meta property=\"og:type\" content=\"article\" \/>\n<meta property=\"og:title\" content=\"Grape varieties - Aphros Wine\" \/>\n<meta property=\"og:url\" content=\"https:\/\/aphros-wine.com\/en\/project\/grape-varieties\/\" \/>\n<meta property=\"og:site_name\" content=\"Aphros Wine\" \/>\n<meta property=\"article:publisher\" content=\"https:\/\/www.facebook.com\/AphrosWine\/\" \/>\n<meta property=\"article:modified_time\" content=\"2018-01-12T12:21:13+00:00\" \/>\n<meta name=\"twitter:card\" content=\"summary_large_image\" \/>\n<meta name=\"twitter:label1\" content=\"Est. reading time\" \/>\n\t<meta name=\"twitter:data1\" content=\"2 minutes\" \/>\n<script type=\"application\/ld+json\" class=\"yoast-schema-graph\">{\"@context\":\"https:\/\/schema.org\",\"@graph\":[{\"@type\":\"WebPage\",\"@id\":\"https:\/\/aphros-wine.com\/en\/project\/grape-varieties\/\",\"url\":\"https:\/\/aphros-wine.com\/en\/project\/grape-varieties\/\",\"name\":\"Grape varieties - Aphros Wine\",\"isPartOf\":{\"@id\":\"https:\/\/aphros-wine.com\/en\/#website\"},\"datePublished\":\"2017-10-18T13:48:20+00:00\",\"dateModified\":\"2018-01-12T12:21:13+00:00\",\"breadcrumb\":{\"@id\":\"https:\/\/aphros-wine.com\/en\/project\/grape-varieties\/#breadcrumb\"},\"inLanguage\":\"en-US\",\"potentialAction\":[{\"@type\":\"ReadAction\",\"target\":[\"https:\/\/aphros-wine.com\/en\/project\/grape-varieties\/\"]}]},{\"@type\":\"BreadcrumbList\",\"@id\":\"https:\/\/aphros-wine.com\/en\/project\/grape-varieties\/#breadcrumb\",\"itemListElement\":[{\"@type\":\"ListItem\",\"position\":1,\"name\":\"Home\",\"item\":\"https:\/\/aphros-wine.com\/en\/\"},{\"@type\":\"ListItem\",\"position\":2,\"name\":\"Project\",\"item\":\"https:\/\/aphros-wine.com\/en\/project\/\"},{\"@type\":\"ListItem\",\"position\":3,\"name\":\"Grape varieties\"}]},{\"@type\":\"WebSite\",\"@id\":\"https:\/\/aphros-wine.com\/en\/#website\",\"url\":\"https:\/\/aphros-wine.com\/en\/\",\"name\":\"Aphros Wine\",\"description\":\"Aphros wines is a project led by Vasco Croft, one of the pioneers of Biodynamic farming and wine making in Portugal.\",\"publisher\":{\"@id\":\"https:\/\/aphros-wine.com\/en\/#organization\"},\"potentialAction\":[{\"@type\":\"SearchAction\",\"target\":{\"@type\":\"EntryPoint\",\"urlTemplate\":\"https:\/\/aphros-wine.com\/en\/?s={search_term_string}\"},\"query-input\":{\"@type\":\"PropertyValueSpecification\",\"valueRequired\":true,\"valueName\":\"search_term_string\"}}],\"inLanguage\":\"en-US\"},{\"@type\":\"Organization\",\"@id\":\"https:\/\/aphros-wine.com\/en\/#organization\",\"name\":\"Aphros Wine\",\"url\":\"https:\/\/aphros-wine.com\/en\/\",\"logo\":{\"@type\":\"ImageObject\",\"inLanguage\":\"en-US\",\"@id\":\"https:\/\/aphros-wine.com\/en\/#\/schema\/logo\/image\/\",\"url\":\"https:\/\/aphros-wine.com\/en\/wp-content\/uploads\/2017\/12\/logo_tr.png\",\"contentUrl\":\"https:\/\/aphros-wine.com\/en\/wp-content\/uploads\/2017\/12\/logo_tr.png\",\"width\":294,\"height\":185,\"caption\":\"Aphros Wine\"},\"image\":{\"@id\":\"https:\/\/aphros-wine.com\/en\/#\/schema\/logo\/image\/\"},\"sameAs\":[\"https:\/\/www.facebook.com\/AphrosWine\/\",\"https:\/\/www.youtube.com\/channel\/UCKptJebC6V6ii8_iYDfJ4vg\"]}]}<\/script>\n<!-- \/ Yoast SEO plugin. -->","yoast_head_json":{"title":"Grape varieties - Aphros Wine","robots":{"index":"index","follow":"follow","max-snippet":"max-snippet:-1","max-image-preview":"max-image-preview:large","max-video-preview":"max-video-preview:-1"},"canonical":"https:\/\/aphros-wine.com\/en\/project\/grape-varieties\/","og_locale":"en_US","og_type":"article","og_title":"Grape varieties - Aphros Wine","og_url":"https:\/\/aphros-wine.com\/en\/project\/grape-varieties\/","og_site_name":"Aphros Wine","article_publisher":"https:\/\/www.facebook.com\/AphrosWine\/","article_modified_time":"2018-01-12T12:21:13+00:00","twitter_card":"summary_large_image","twitter_misc":{"Est. reading time":"2 minutes"},"schema":{"@context":"https:\/\/schema.org","@graph":[{"@type":"WebPage","@id":"https:\/\/aphros-wine.com\/en\/project\/grape-varieties\/","url":"https:\/\/aphros-wine.com\/en\/project\/grape-varieties\/","name":"Grape varieties - Aphros Wine","isPartOf":{"@id":"https:\/\/aphros-wine.com\/en\/#website"},"datePublished":"2017-10-18T13:48:20+00:00","dateModified":"2018-01-12T12:21:13+00:00","breadcrumb":{"@id":"https:\/\/aphros-wine.com\/en\/project\/grape-varieties\/#breadcrumb"},"inLanguage":"en-US","potentialAction":[{"@type":"ReadAction","target":["https:\/\/aphros-wine.com\/en\/project\/grape-varieties\/"]}]},{"@type":"BreadcrumbList","@id":"https:\/\/aphros-wine.com\/en\/project\/grape-varieties\/#breadcrumb","itemListElement":[{"@type":"ListItem","position":1,"name":"Home","item":"https:\/\/aphros-wine.com\/en\/"},{"@type":"ListItem","position":2,"name":"Project","item":"https:\/\/aphros-wine.com\/en\/project\/"},{"@type":"ListItem","position":3,"name":"Grape varieties"}]},{"@type":"WebSite","@id":"https:\/\/aphros-wine.com\/en\/#website","url":"https:\/\/aphros-wine.com\/en\/","name":"Aphros Wine","description":"Aphros wines is a project led by Vasco Croft, one of the pioneers of Biodynamic farming and wine making in Portugal.","publisher":{"@id":"https:\/\/aphros-wine.com\/en\/#organization"},"potentialAction":[{"@type":"SearchAction","target":{"@type":"EntryPoint","urlTemplate":"https:\/\/aphros-wine.com\/en\/?s={search_term_string}"},"query-input":{"@type":"PropertyValueSpecification","valueRequired":true,"valueName":"search_term_string"}}],"inLanguage":"en-US"},{"@type":"Organization","@id":"https:\/\/aphros-wine.com\/en\/#organization","name":"Aphros Wine","url":"https:\/\/aphros-wine.com\/en\/","logo":{"@type":"ImageObject","inLanguage":"en-US","@id":"https:\/\/aphros-wine.com\/en\/#\/schema\/logo\/image\/","url":"https:\/\/aphros-wine.com\/en\/wp-content\/uploads\/2017\/12\/logo_tr.png","contentUrl":"https:\/\/aphros-wine.com\/en\/wp-content\/uploads\/2017\/12\/logo_tr.png","width":294,"height":185,"caption":"Aphros Wine"},"image":{"@id":"https:\/\/aphros-wine.com\/en\/#\/schema\/logo\/image\/"},"sameAs":["https:\/\/www.facebook.com\/AphrosWine\/","https:\/\/www.youtube.com\/channel\/UCKptJebC6V6ii8_iYDfJ4vg"]}]}},"_links":{"self":[{"href":"https:\/\/aphros-wine.com\/en\/wp-json\/wp\/v2\/pages\/101","targetHints":{"allow":["GET"]}}],"collection":[{"href":"https:\/\/aphros-wine.com\/en\/wp-json\/wp\/v2\/pages"}],"about":[{"href":"https:\/\/aphros-wine.com\/en\/wp-json\/wp\/v2\/types\/page"}],"author":[{"embeddable":true,"href":"https:\/\/aphros-wine.com\/en\/wp-json\/wp\/v2\/users\/1"}],"replies":[{"embeddable":true,"href":"https:\/\/aphros-wine.com\/en\/wp-json\/wp\/v2\/comments?post=101"}],"version-history":[{"count":25,"href":"https:\/\/aphros-wine.com\/en\/wp-json\/wp\/v2\/pages\/101\/revisions"}],"predecessor-version":[{"id":414,"href":"https:\/\/aphros-wine.com\/en\/wp-json\/wp\/v2\/pages\/101\/revisions\/414"}],"up":[{"embeddable":true,"href":"https:\/\/aphros-wine.com\/en\/wp-json\/wp\/v2\/pages\/13"}],"wp:attachment":[{"href":"https:\/\/aphros-wine.com\/en\/wp-json\/wp\/v2\/media?parent=101"}],"curies":[{"name":"wp","href":"https:\/\/api.w.org\/{rel}","templated":true}]}}