{"id":1562,"date":"2023-07-24T20:54:41","date_gmt":"2023-07-24T19:54:41","guid":{"rendered":"https:\/\/aphros-wine.com\/en\/?page_id=1562"},"modified":"2023-07-24T20:56:21","modified_gmt":"2023-07-24T19:56:21","slug":"privacy-policy","status":"publish","type":"page","link":"https:\/\/aphros-wine.com\/en\/privacy-policy\/","title":{"rendered":"Privacy Policy"},"content":{"rendered":"<div class=\"row\"  id=\"row-428879249\">\n\n\t<div id=\"col-1525316724\" class=\"col small-12 large-12\"  >\n\t\t\t\t<div class=\"col-inner\"  >\n\t\t\t\n\t\t\t\n\t<div id=\"gap-1508402406\" class=\"gap-element clearfix\" style=\"display:block; height:auto;\">\n\t\t\n<style>\n#gap-1508402406 {\n  padding-top: 100px;\n}\n<\/style>\n\t<\/div>\n\t\n\t<div id=\"text-378547848\" class=\"text\">\n\t\t\n<h1> Privacy Policy <\/h1>\n\t\t\n<style>\n#text-378547848 {\n  font-size: 1.2rem;\n}\n<\/style>\n\t<\/div>\n\t\n\t<div id=\"gap-1268966671\" class=\"gap-element clearfix\" style=\"display:block; height:auto;\">\n\t\t\n<style>\n#gap-1268966671 {\n  padding-top: 100px;\n}\n<\/style>\n\t<\/div>\n\t\n<p>A navega\u00e7\u00e3o no nosso site e o registo como Utilizador\/Cliente na Loja Online pressup\u00f5em a compreens\u00e3o e a aceita\u00e7\u00e3o da presente Pol\u00edtica de Privacidade e Prote\u00e7\u00e3o de Dados.<\/p>\n<p>A Aphros Wine possui mecanismos de prote\u00e7\u00e3o de dados que zelam pela privacidade dos dados pessoais dos seus clientes e visitantes, garantindo a verifica\u00e7\u00e3o da legitimidade de utiliza\u00e7\u00e3o dos dados pessoais tratados, bem como a garantia do cumprimento dos direitos reconhecidos aos titulares dos mesmos.<\/p>\n<p>A Aphros Wine Lda, com sede na Rua da Casa Nova, 374, 4990-696 Refoios do Lima \u2013 Portugal, NIPC 506774970,\u00a0\u00e9 a\u00a0entidade respons\u00e1vel pelo tratamento dos dados, em conformidade com o disposto na legisla\u00e7\u00e3o nacional vigente nesta mat\u00e9ria e no Regulamento Geral sobre a Prote\u00e7\u00e3o de Dados \u2013 Regulamento UE n.\u00ba 2016\/679 do Parlamento Europeu e do Conselho, de 27 de Abril de 2016.<\/p>\n<p>Nesta Pol\u00edtica de Privacidade est\u00e1 dispon\u00edvel toda a informa\u00e7\u00e3o relativa ao tratamento dos dados pessoais, bem como informa\u00e7\u00e3o relativa aos direitos dos titulares dos dados e \u00e0s nossas medidas de seguran\u00e7a de navega\u00e7\u00e3o em www.aphros-wine.com.<\/p>\n<p>Para qualquer esclarecimento sobre o tratamento dos dados pessoais guardados, contacta-nos atrav\u00e9s do e-mail winemaking@aphros-wine.com.<\/p>\n<p><b>QUE INFORMA\u00c7\u00d5ES E DADOS RECOLHEMOS?<\/b><\/p>\n<p><b>Dados pessoais: <\/b>para o processamento de encomendas e para cumprirmos com as legisla\u00e7\u00f5es e regulamentos aplic\u00e1veis aos nossos servi\u00e7os.<\/p>\n<p><b>Hist\u00f3rico de cliente: <\/b>para o fornecimento de informa\u00e7\u00e3o personalizada sobre os nossos produtos e servi\u00e7os, campanhas promocionais ou publicit\u00e1rias, ofertas comerciais e outros fins estritamente inerentes ao site Aphros Wine.<\/p>\n<p><b>Cookies:<\/b> para uma experi\u00eancia de navega\u00e7\u00e3o otimizada. Os cookies ajudam-nos a reconhecer as prefer\u00eancias de cada utilizador, permitindo-nos uma melhor intera\u00e7\u00e3o. A informa\u00e7\u00e3o recolhida nos cookies tamb\u00e9m nos permite melhorar o nosso site fornecendo informa\u00e7\u00f5es sobre o n\u00famero e regularidade das visitas, a adapta\u00e7\u00e3o do site aos interesses individuais do utilizador, a velocidade das pesquisas, etc. A gest\u00e3o das permiss\u00f5es na utiliza\u00e7\u00e3o de cookies pode ser configurada a qualquer momento nas defini\u00e7\u00f5es do browser.<\/p>\n<p><b>QUAIS OS DIREITOS DOS TITULARES DE DADOS?<\/b><\/p>\n<p><b>Direito \u00e0 informa\u00e7\u00e3o e de acesso aos dados pessoais: <\/b>em qualquer momento, o cliente pode requerer informa\u00e7\u00e3o acerca dos dados pessoais armazenados, quer no que se refere \u00e0 categoria dos dados pessoais em causa, \u00e0 origem e ao(s) destinat\u00e1rio(s) dos mesmos, \u00e0 dura\u00e7\u00e3o do prazo de conserva\u00e7\u00e3o e das finalidades subjacentes, quer no que diz respeito \u00e0 identifica\u00e7\u00e3o do respons\u00e1vel pelo tratamento dos dados, do encarregado de prote\u00e7\u00e3o de dados e dos respetivos contactos.<\/p>\n<p><b>Direito de Retifica\u00e7\u00e3o e Elimina\u00e7\u00e3o dos Dados Pessoais: <\/b>se pretender exercer o seu direito \u00e0 retifica\u00e7\u00e3o de dados, dever\u00e1 enviar o respetivo pedido, identificando os dados a modificar atrav\u00e9s de e-mail enviado para\u00a0winemaking@aphros-wine.com. O mesmo procedimento dever\u00e1 ser seguido caso o cliente pretenda exercer o seu direito \u00e0 elimina\u00e7\u00e3o dos dados pessoais.<\/p>\n<p><b>Direito de Oposi\u00e7\u00e3o e a retirar Consentimento Pr\u00e9vio: <\/b>em refor\u00e7o do princ\u00edpio da transpar\u00eancia no tratamento dos dados pessoais e das comunica\u00e7\u00f5es com o cliente, a qualquer momento, podem ser modificadas as permiss\u00f5es de tratamento de dados concedidas.<\/p>\n<p><b>COMO PROTEGEMOS OS DADOS?<\/b><\/p>\n<p>O Legado do Zeca adota medidas de seguran\u00e7a para proteger todos os dados recolhidos, nomeadamente atrav\u00e9s de ferramentas de encripta\u00e7\u00e3o e autentica\u00e7\u00e3o de dados, bem como atrav\u00e9s da revis\u00e3o frequente das nossas pr\u00e1ticas de recolha, armazenamento e processamento de dados com o objetivo de proteger o acesso n\u00e3o autorizado aos nossos sistemas.<\/p>\n<p>O Legado do Zeca ir\u00e1 atualizar a Pol\u00edtica de Privacidade sempre que tal seja necess\u00e1rio para refletir o feedback dos titulares dos dados, as altera\u00e7\u00f5es aos servi\u00e7os, bem como para cumprir com todos os requisitos legais exig\u00edveis.<\/p>\n<p>Caso tais altera\u00e7\u00f5es impliquem uma modifica\u00e7\u00e3o significativa da presente Pol\u00edtica de Privacidade, cada titular dos dados ser\u00e1 devidamente notificado, sendo solicitado o seu consentimento sempre que necess\u00e1rio.<\/p>\n\t<div id=\"gap-491752142\" class=\"gap-element clearfix\" style=\"display:block; height:auto;\">\n\t\t\n<style>\n#gap-491752142 {\n  padding-top: 60px;\n}\n<\/style>\n\t<\/div>\n\t\n\t\t<\/div>\n\t\t\t\t\t<\/div>\n\n\t\n<\/div>\n","protected":false},"excerpt":{"rendered":"","protected":false},"author":1,"featured_media":0,"parent":0,"menu_order":0,"comment_status":"closed","ping_status":"closed","template":"page-blank.php","meta":{"footnotes":""},"class_list":["post-1562","page","type-page","status-publish","hentry"],"yoast_head":"<!-- This site is optimized with the Yoast SEO plugin v26.6 - https:\/\/yoast.com\/wordpress\/plugins\/seo\/ -->\n<title>Privacy Policy - Aphros Wine<\/title>\n<meta name=\"robots\" content=\"index, follow, max-snippet:-1, max-image-preview:large, max-video-preview:-1\" \/>\n<link rel=\"canonical\" href=\"https:\/\/aphros-wine.com\/en\/privacy-policy\/\" \/>\n<meta property=\"og:locale\" content=\"en_US\" \/>\n<meta property=\"og:type\" content=\"article\" \/>\n<meta property=\"og:title\" content=\"Privacy Policy - Aphros Wine\" \/>\n<meta property=\"og:url\" content=\"https:\/\/aphros-wine.com\/en\/privacy-policy\/\" \/>\n<meta property=\"og:site_name\" content=\"Aphros Wine\" \/>\n<meta property=\"article:publisher\" content=\"https:\/\/www.facebook.com\/AphrosWine\/\" \/>\n<meta property=\"article:modified_time\" content=\"2023-07-24T19:56:21+00:00\" \/>\n<meta name=\"twitter:card\" content=\"summary_large_image\" \/>\n<meta name=\"twitter:label1\" content=\"Est. reading time\" \/>\n\t<meta name=\"twitter:data1\" content=\"3 minutes\" \/>\n<script type=\"application\/ld+json\" class=\"yoast-schema-graph\">{\"@context\":\"https:\/\/schema.org\",\"@graph\":[{\"@type\":\"WebPage\",\"@id\":\"https:\/\/aphros-wine.com\/en\/privacy-policy\/\",\"url\":\"https:\/\/aphros-wine.com\/en\/privacy-policy\/\",\"name\":\"Privacy Policy - Aphros Wine\",\"isPartOf\":{\"@id\":\"https:\/\/aphros-wine.com\/en\/#website\"},\"datePublished\":\"2023-07-24T19:54:41+00:00\",\"dateModified\":\"2023-07-24T19:56:21+00:00\",\"breadcrumb\":{\"@id\":\"https:\/\/aphros-wine.com\/en\/privacy-policy\/#breadcrumb\"},\"inLanguage\":\"en-US\",\"potentialAction\":[{\"@type\":\"ReadAction\",\"target\":[\"https:\/\/aphros-wine.com\/en\/privacy-policy\/\"]}]},{\"@type\":\"BreadcrumbList\",\"@id\":\"https:\/\/aphros-wine.com\/en\/privacy-policy\/#breadcrumb\",\"itemListElement\":[{\"@type\":\"ListItem\",\"position\":1,\"name\":\"Home\",\"item\":\"https:\/\/aphros-wine.com\/en\/\"},{\"@type\":\"ListItem\",\"position\":2,\"name\":\"Privacy Policy\"}]},{\"@type\":\"WebSite\",\"@id\":\"https:\/\/aphros-wine.com\/en\/#website\",\"url\":\"https:\/\/aphros-wine.com\/en\/\",\"name\":\"Aphros Wine\",\"description\":\"Aphros wines is a project led by Vasco Croft, one of the pioneers of Biodynamic farming and wine making in Portugal.\",\"publisher\":{\"@id\":\"https:\/\/aphros-wine.com\/en\/#organization\"},\"potentialAction\":[{\"@type\":\"SearchAction\",\"target\":{\"@type\":\"EntryPoint\",\"urlTemplate\":\"https:\/\/aphros-wine.com\/en\/?s={search_term_string}\"},\"query-input\":{\"@type\":\"PropertyValueSpecification\",\"valueRequired\":true,\"valueName\":\"search_term_string\"}}],\"inLanguage\":\"en-US\"},{\"@type\":\"Organization\",\"@id\":\"https:\/\/aphros-wine.com\/en\/#organization\",\"name\":\"Aphros Wine\",\"url\":\"https:\/\/aphros-wine.com\/en\/\",\"logo\":{\"@type\":\"ImageObject\",\"inLanguage\":\"en-US\",\"@id\":\"https:\/\/aphros-wine.com\/en\/#\/schema\/logo\/image\/\",\"url\":\"https:\/\/aphros-wine.com\/en\/wp-content\/uploads\/2017\/12\/logo_tr.png\",\"contentUrl\":\"https:\/\/aphros-wine.com\/en\/wp-content\/uploads\/2017\/12\/logo_tr.png\",\"width\":294,\"height\":185,\"caption\":\"Aphros Wine\"},\"image\":{\"@id\":\"https:\/\/aphros-wine.com\/en\/#\/schema\/logo\/image\/\"},\"sameAs\":[\"https:\/\/www.facebook.com\/AphrosWine\/\",\"https:\/\/www.youtube.com\/channel\/UCKptJebC6V6ii8_iYDfJ4vg\"]}]}<\/script>\n<!-- \/ Yoast SEO plugin. -->","yoast_head_json":{"title":"Privacy Policy - Aphros Wine","robots":{"index":"index","follow":"follow","max-snippet":"max-snippet:-1","max-image-preview":"max-image-preview:large","max-video-preview":"max-video-preview:-1"},"canonical":"https:\/\/aphros-wine.com\/en\/privacy-policy\/","og_locale":"en_US","og_type":"article","og_title":"Privacy Policy - Aphros Wine","og_url":"https:\/\/aphros-wine.com\/en\/privacy-policy\/","og_site_name":"Aphros Wine","article_publisher":"https:\/\/www.facebook.com\/AphrosWine\/","article_modified_time":"2023-07-24T19:56:21+00:00","twitter_card":"summary_large_image","twitter_misc":{"Est. reading time":"3 minutes"},"schema":{"@context":"https:\/\/schema.org","@graph":[{"@type":"WebPage","@id":"https:\/\/aphros-wine.com\/en\/privacy-policy\/","url":"https:\/\/aphros-wine.com\/en\/privacy-policy\/","name":"Privacy Policy - Aphros Wine","isPartOf":{"@id":"https:\/\/aphros-wine.com\/en\/#website"},"datePublished":"2023-07-24T19:54:41+00:00","dateModified":"2023-07-24T19:56:21+00:00","breadcrumb":{"@id":"https:\/\/aphros-wine.com\/en\/privacy-policy\/#breadcrumb"},"inLanguage":"en-US","potentialAction":[{"@type":"ReadAction","target":["https:\/\/aphros-wine.com\/en\/privacy-policy\/"]}]},{"@type":"BreadcrumbList","@id":"https:\/\/aphros-wine.com\/en\/privacy-policy\/#breadcrumb","itemListElement":[{"@type":"ListItem","position":1,"name":"Home","item":"https:\/\/aphros-wine.com\/en\/"},{"@type":"ListItem","position":2,"name":"Privacy Policy"}]},{"@type":"WebSite","@id":"https:\/\/aphros-wine.com\/en\/#website","url":"https:\/\/aphros-wine.com\/en\/","name":"Aphros Wine","description":"Aphros wines is a project led by Vasco Croft, one of the pioneers of Biodynamic farming and wine making in Portugal.","publisher":{"@id":"https:\/\/aphros-wine.com\/en\/#organization"},"potentialAction":[{"@type":"SearchAction","target":{"@type":"EntryPoint","urlTemplate":"https:\/\/aphros-wine.com\/en\/?s={search_term_string}"},"query-input":{"@type":"PropertyValueSpecification","valueRequired":true,"valueName":"search_term_string"}}],"inLanguage":"en-US"},{"@type":"Organization","@id":"https:\/\/aphros-wine.com\/en\/#organization","name":"Aphros Wine","url":"https:\/\/aphros-wine.com\/en\/","logo":{"@type":"ImageObject","inLanguage":"en-US","@id":"https:\/\/aphros-wine.com\/en\/#\/schema\/logo\/image\/","url":"https:\/\/aphros-wine.com\/en\/wp-content\/uploads\/2017\/12\/logo_tr.png","contentUrl":"https:\/\/aphros-wine.com\/en\/wp-content\/uploads\/2017\/12\/logo_tr.png","width":294,"height":185,"caption":"Aphros Wine"},"image":{"@id":"https:\/\/aphros-wine.com\/en\/#\/schema\/logo\/image\/"},"sameAs":["https:\/\/www.facebook.com\/AphrosWine\/","https:\/\/www.youtube.com\/channel\/UCKptJebC6V6ii8_iYDfJ4vg"]}]}},"_links":{"self":[{"href":"https:\/\/aphros-wine.com\/en\/wp-json\/wp\/v2\/pages\/1562","targetHints":{"allow":["GET"]}}],"collection":[{"href":"https:\/\/aphros-wine.com\/en\/wp-json\/wp\/v2\/pages"}],"about":[{"href":"https:\/\/aphros-wine.com\/en\/wp-json\/wp\/v2\/types\/page"}],"author":[{"embeddable":true,"href":"https:\/\/aphros-wine.com\/en\/wp-json\/wp\/v2\/users\/1"}],"replies":[{"embeddable":true,"href":"https:\/\/aphros-wine.com\/en\/wp-json\/wp\/v2\/comments?post=1562"}],"version-history":[{"count":5,"href":"https:\/\/aphros-wine.com\/en\/wp-json\/wp\/v2\/pages\/1562\/revisions"}],"predecessor-version":[{"id":1567,"href":"https:\/\/aphros-wine.com\/en\/wp-json\/wp\/v2\/pages\/1562\/revisions\/1567"}],"wp:attachment":[{"href":"https:\/\/aphros-wine.com\/en\/wp-json\/wp\/v2\/media?parent=1562"}],"curies":[{"name":"wp","href":"https:\/\/api.w.org\/{rel}","templated":true}]}}