{"id":19,"date":"2017-09-30T14:23:19","date_gmt":"2017-09-30T14:23:19","guid":{"rendered":"https:\/\/aphros-wine.com\/en\/?page_id=19"},"modified":"2024-01-16T16:35:46","modified_gmt":"2024-01-16T16:35:46","slug":"distributors","status":"publish","type":"page","link":"https:\/\/aphros-wine.com\/en\/distributors\/","title":{"rendered":"Distributors"},"content":{"rendered":"<div class=\"row\"  id=\"row-1771081657\">\n\n\t<div id=\"col-1641377436\" class=\"col small-12 large-12\"  >\n\t\t\t\t<div class=\"col-inner\"  >\n\t\t\t\n\t\t\t\n<h1 class=\"uppercase\">Distributors<\/h1>\n<div class=\"accordion\">\n\t<div id=\"accordion-111708214\" class=\"accordion-item\">\n\t\t<a id=\"accordion-111708214-label\" class=\"accordion-title plain\" href=\"#accordion-item-asia\" aria-expanded=\"false\" aria-controls=\"accordion-111708214-content\">\n\t\t\t<button class=\"toggle\" aria-label=\"Toggle\"><i class=\"icon-angle-down\" aria-hidden=\"true\"><\/i><\/button>\n\t\t\t<span>Asia<\/span>\n\t\t<\/a>\n\t\t<div id=\"accordion-111708214-content\" class=\"accordion-inner\" aria-labelledby=\"accordion-111708214-label\">\n\t\t\t\n<h4>JAPAN<\/h4>\n<p><strong>State<\/strong><strong>: <\/strong>Osaka \u00a02-6-3-5F,minamisenba Chuo-ku 542-0081<br \/><strong>Company&#8217;s Name: <\/strong>KISHIMOT CO.,LTD<br \/><strong>Person contact name: <\/strong>Mrs Ayumi OISHI<br \/><strong>Email: <\/strong><a href=\"mailto:.oishi@wine-kishimoto.com\">.oishi@wine-kishimoto.com<\/a><br \/><strong>Phone: <\/strong>+81-6-4705-4321<br \/><strong>Website:<\/strong> <a href=\"http:\/\/www.wine-kishimoto.com\/\" target=\"_blank\" rel=\"noopener noreferrer\">www.wine-kishimoto.com<\/a><\/p>\n<h4>RUSSIA<\/h4>\n<p><strong>State<\/strong><strong>: <\/strong>Moscow<br \/><strong>Company&#8217;s Name: <\/strong>Company&#8217;s Name: Real Authentic Wine<br \/><strong>Phone: <\/strong>+7 (812) 347-79-35<br \/><strong>Website:<\/strong> <a href=\"https:\/\/realauthenticwine.ru\" target=\"_blank\" rel=\"noopener noreferrer\">www.realauthenticwine.ru<\/a><\/p>\n<h4>SINGAPORE<\/h4>\n<p><strong>State: <\/strong>21 Woodlands Close #08-44 PRIMZ BIZHUB Singapore (737854)\u00a0<strong><br \/>Company&#8217;s Name: <\/strong>Tuga Holdings PTE. Ltd.<br \/><strong>Person contact name: <\/strong>David Ferreira<br \/><strong>Email: <\/strong><a href=\"mailto:davidferreira@tugaholdings.sg\">davidferreira@tugaholdings.sg<\/a><\/p>\n<h4>TAIWAN<\/h4>\n<p><strong>Company&#8217;s Name: <\/strong>The Voyager Exquisites Trading Company, Ltd.<br \/><strong>Email: <\/strong><a href=\"mailto:candylin@thevoyagertaiwan.tw\">candylin@thevoyagertaiwan.tw<\/a><br \/><strong>Phone: <\/strong>+886 2 2752 6501<br \/><strong>Website:<\/strong> <a href=\"http:\/\/thevoyagertaiwan.tw\" target=\"_blank\" rel=\"noopener noreferrer\">www.thevoyagertaiwan.tw<\/a><\/p>\n<h4>THAILAND<\/h4>\n<p><strong>Company&#8217;s Name: <\/strong>Wine Garage Co. Ltd.<br \/><strong>Person contact name: <\/strong>Kim Wachtveitl<br \/><strong>Email: <\/strong><a href=\"mailto:kim@winegarage.asia\">kim@winegarage.asia<\/a><br \/><strong>Phone: <\/strong>+6622620255<br \/><strong>Website:<\/strong> <a href=\"http:\/\/www.winegarage.asia\/\" target=\"_blank\" rel=\"noopener noreferrer\">www.winegarage.asia<\/a><\/p>\n\t\t<\/div>\n\t<\/div>\n\t\n\t<div id=\"accordion-292505559\" class=\"accordion-item\">\n\t\t<a id=\"accordion-292505559-label\" class=\"accordion-title plain\" href=\"#accordion-item-australia\" aria-expanded=\"false\" aria-controls=\"accordion-292505559-content\">\n\t\t\t<button class=\"toggle\" aria-label=\"Toggle\"><i class=\"icon-angle-down\" aria-hidden=\"true\"><\/i><\/button>\n\t\t\t<span>Australia<\/span>\n\t\t<\/a>\n\t\t<div id=\"accordion-292505559-content\" class=\"accordion-inner\" aria-labelledby=\"accordion-292505559-label\">\n\t\t\t\n<h4>Australia<\/h4>\n<p><strong>State<\/strong><strong>:\u00a0<\/strong>Level 10, 67 Castlereagh St.,\u00a0Sydney NSW 2000<br \/>\n<strong>Company&#8217;s Name: <\/strong>BOOTLEGGERS<br \/>\n<strong>Person contact name:\u00a0<\/strong>Benjamin Hasko<br \/>\n<strong>Email:<\/strong> <a href=\"mailto:bhasko@bootleggers.com.au\">bhasko@bootleggers.com.au<br \/>\n<\/a><strong>Phone: <\/strong>+61 423 400 288<br \/>\n<strong>Website:<\/strong> <a href=\"http:\/\/www.bootleggers.com.au\">www.bootleggers.com.au<\/a><\/p>\n\t\t<\/div>\n\t<\/div>\n\t\n\t<div id=\"accordion-4000043832\" class=\"accordion-item\">\n\t\t<a id=\"accordion-4000043832-label\" class=\"accordion-title plain\" href=\"#accordion-item-europe\" aria-expanded=\"false\" aria-controls=\"accordion-4000043832-content\">\n\t\t\t<button class=\"toggle\" aria-label=\"Toggle\"><i class=\"icon-angle-down\" aria-hidden=\"true\"><\/i><\/button>\n\t\t\t<span>Europe<\/span>\n\t\t<\/a>\n\t\t<div id=\"accordion-4000043832-content\" class=\"accordion-inner\" aria-labelledby=\"accordion-4000043832-label\">\n\t\t\t\n<h4>BELGIUM<\/h4>\n<p><strong>Company&#8217;s Name: <\/strong>The Portugal Collection<br \/><strong>Email:<\/strong> <a href=\"mailto:info@theportugalcollection.be\">info@theportugalcollection.be<\/a><strong><br \/>Phone: <\/strong>+32 477 45 96 44<br \/><strong>Website:<\/strong> <a href=\"https:\/\/www.theportugalcollection.be\">www.theportugalcollection.be<\/a><\/p>\n<h4>DINAMARCA<\/h4>\n<p><strong>Company&#8217;s Name: <\/strong>Tekstur Vin<br \/><strong>Email:<\/strong> <a href=\"mailto:info@tekstur-vin.com\">info@tekstur-vin.com<\/a><strong><br \/>Phone: <\/strong>+45 29933505<br \/><strong>Website:<\/strong> <a href=\"https:\/\/www.tekstur-vin.com\">www.tekstur-vin.com<\/a><\/p>\n<h4>FRAN\u00c7A<\/h4>\n<p><strong>Company&#8217;s Name: <\/strong>Plan\u00e8te Vins International<br \/><strong>Person contact name:<\/strong> Helene<br \/><strong>Email:<\/strong> <a href=\"mailto:helene@planetevins.com\">helene@planetevins.com<\/a><br \/><strong>Phone:\u00a0<\/strong>FR : +33 05 56 86 23 60<\/p>\n<h4>GERMANY<\/h4>\n<p><strong>Company&#8217;s Name: <\/strong>Vinaturel<br \/><strong>Phone: <\/strong>+49 8151 9084 28<br \/><strong>Website:<\/strong> <a href=\"https:\/\/www.vinaturel.de\" target=\"_blank\" rel=\"noopener noreferrer\">www.vinaturel.de<\/a><\/p>\n<h4>ITALY<\/h4>\n<p><strong>Company&#8217;s Name: <\/strong>Classica Srl<br \/>Corso Magenta 56<br \/>20123 Milano<br \/>0578\/70741<br \/><strong>Email: <\/strong><a href=\"mailto:nazionale@classica.it\">nazionale@classica.it<\/a><br \/><strong>Website:<\/strong> <a href=\"https:\/\/www.classica.it\" target=\"_blank\" rel=\"noopener noreferrer\">www.classica.it<\/a><\/p>\n<h4>\u00a0<\/h4>\n<h4>IRELAND<\/h4>\n<p><strong>Company&#8217;s Name: <\/strong>Winemason<br \/><strong>Website:<\/strong> <a href=\"https:\/\/www.winemason.ie\" target=\"_blank\" rel=\"noopener noreferrer\">www.winemason.ie<\/a><\/p>\n<h4>LITHUANIA<\/h4>\n<p><strong>Company&#8217;s Name: <\/strong>MB Apetitus LT<br \/>K. Donelaicio str. 79-1B, LT-44249 Kaunas Lithuania<br \/><strong>Email: <\/strong><a href=\"mailto:info@portugaliskas.lt\">info@portugaliskas.lt<\/a> <br \/><strong>Website:<\/strong> <a href=\"http:\/\/www.portugaliskas.lt\" target=\"_blank\" rel=\"noopener noreferrer\">www.portugaliskas.lt<\/a><\/p>\n<h4 class=\"uppercase\">Netherlands<\/h4>\n<p><strong>Company&#8217;s Name: <\/strong>Grapedistrict BV<br \/><strong>Website:<\/strong> <a href=\"https:\/\/www.grapedistrict.nl\" target=\"_blank\" rel=\"noopener noreferrer\">www.grapedistrict.nl<\/a><br \/><strong>Email: <\/strong><a href=\"mailto:klantenservice@grapedistrict.nl\">klantenservice@grapedistrict.nl<\/a><br \/><strong>Phone:\u00a0<\/strong>+3120-6651115 <\/p>\n<h4>NORWAY<\/h4>\n<p><strong>Company&#8217;s Name: <\/strong>Vinarius AS<br \/><strong>Email: <\/strong><a href=\"mailto:mail@vinarius.no\">mail@vinarius.no<\/a> <br \/><strong>Phone:<\/strong> (+47) 66 77 60 10<\/p>\n<h4>PORTUGAL<\/h4>\n<p><strong>State: <\/strong>Lisboa<br \/><strong>Company&#8217;s Name: <\/strong>OS GOLIARDOS<br \/><strong>Person contact name: <\/strong>Nadir Bensmail<br \/><strong>Email: <\/strong><a href=\"mailto:nadir.goliardos@gmail.com\">nadir.goliardos@gmail.com<\/a><br \/><strong>Phone: <\/strong>+351 962022242<br \/><strong>Website:<\/strong> www.osgoliardos.com<\/p>\n<p><strong>State: <\/strong>Resto do pa\u00eds\u00a0<br \/><strong>Company&#8217;s Name: <\/strong>DistriWine Com\u00e9rcio e Distribui\u00e7\u00e3o de Bebidas, Lda<br \/><strong>Person contact name: <\/strong>Daniel Caetano<br \/><strong>Email: <\/strong><a href=\"mailto:daniel.caetano@distriwine.pt\">daniel.caetano@distriwine.pt<\/a><br \/><strong>Phone: +<\/strong>351 219 566 136<br \/><strong>Website:<\/strong> <a href=\"http:\/\/www.distriwine.pt\" target=\"_blank\" rel=\"noopener noreferrer\">www.distriwine.pt<\/a><\/p>\n<h4>SPAIN<\/h4>\n<p><strong>State: <\/strong>Asturias<strong><br \/>Company&#8217;s Name: <\/strong>Mas que tinto<br \/><strong>Email:<\/strong> <a href=\"mailto:blacktinto@gmail.com\" target=\"_blank\" rel=\"noopener noreferrer\">blacktinto@gmail.com<\/a><a href=\"mailto:josef@johanlidbyvinhandel.se\"><br \/><\/a><strong>Phone:<\/strong>\u00a0+34 678871655<\/p>\n<p><strong>State: <\/strong>Madrid<strong><br \/>Company&#8217;s Name: <\/strong>LAVINIA<br \/><strong>Email:<\/strong> <a href=\"mailto:empresas@lavinia.es\" target=\"_blank\" rel=\"noopener noreferrer\">empresas@lavinia.es<\/a><a href=\"mailto:josef@johanlidbyvinhandel.se\"><br \/><\/a><strong>Phone:<\/strong>\u00a0+34 914 261 245<br \/><strong>Website:\u00a0<\/strong><a href=\"http:\/\/www.lavinia.es\" target=\"_blank\" rel=\"noopener noreferrer\">lavinia.es<\/a><\/p>\n<h4>SU\u00c9CIA<\/h4>\n<p>Johan Lidby Vinhandel AB POLHEMSGATAN 20A STOCKHOLM<br \/>S-112 36 STOCKHOLM Sweden<br \/><strong>Person contact name:<\/strong> Josef Andirik<br \/><strong>Email:<\/strong> <a href=\"mailto:josef@johanlidbyvinhandel.se\">josef@johanlidbyvinhandel.se<br \/><\/a><strong>Phone:<\/strong> 08 792 03 50<br \/><strong>Mobile:<\/strong> 073 633 39 10<br \/><strong>Website:\u00a0<\/strong><a href=\"http:\/\/www.johanlidbyvinhandel.se\">www.johanlidbyvinhandel.se<\/a><\/p>\n<h4>SWITZERLAND<\/h4>\n<p><strong>State: <\/strong>Bern<br \/><strong>Company&#8217;s Name: <\/strong>Weinkultur Bern<br \/><strong>Person contact name: <\/strong>Martin Helfer<br \/><strong>Email: <\/strong><a href=\"mailto:martin@weinkulturbern.ch\">martin@weinkulturbern.ch<\/a><br \/><strong>Phone: <\/strong>0041 79 454 01 23<br \/><strong>Website:<\/strong> <a href=\"http:\/\/www.weinkulturbern.ch\/\" target=\"_blank\" rel=\"noopener noreferrer\">www.weinkulturbern.ch<\/a><\/p>\n<h4>UNITED KINGDOM<\/h4>\n<p><strong>State: <\/strong>Surrey<br \/><strong>Company&#8217;s Name: <\/strong>Les Caves de Pyrene<br \/><strong>Person contact name: <\/strong>Douglas Wregg<br \/><strong>Email: <\/strong><a href=\"mailto:sales@lescaves.co.uk\">sales@lescaves.co.uk<\/a><br \/><strong>Phone: <\/strong>+44 (0)1483 538820<br \/><strong>Website:<\/strong> <a href=\"http:\/\/www.lescaves.co.uk\/\" target=\"_blank\" rel=\"noopener noreferrer\">www.lescaves.co.uk<\/a><\/p>\n\t\t<\/div>\n\t<\/div>\n\t\n\t<div id=\"accordion-1670043355\" class=\"accordion-item\">\n\t\t<a id=\"accordion-1670043355-label\" class=\"accordion-title plain\" href=\"#accordion-item-north-america\" aria-expanded=\"false\" aria-controls=\"accordion-1670043355-content\">\n\t\t\t<button class=\"toggle\" aria-label=\"Toggle\"><i class=\"icon-angle-down\" aria-hidden=\"true\"><\/i><\/button>\n\t\t\t<span>North America<\/span>\n\t\t<\/a>\n\t\t<div id=\"accordion-1670043355-content\" class=\"accordion-inner\" aria-labelledby=\"accordion-1670043355-label\">\n\t\t\t\n<h4>CANADA<\/h4>\n<p><strong>Province<\/strong><strong>: <\/strong>Alberta<br \/><strong>Company&#8217;s Name: <\/strong>2851 SELECTIONS INC.<br \/><strong>Website:<\/strong> <a href=\"https:\/\/www.2851wine.com\/\" target=\"_blank\" rel=\"noopener noreferrer\">www.2851wine.com<\/a><\/p>\n<p><strong>Province<\/strong><strong>: <\/strong>Quebec<br \/><strong>Company&#8217;s Name: <\/strong>Roucet<br \/><strong>Person contact name: <\/strong>Simon Daoust<br \/><strong>Email: <\/strong><a href=\"mailto:info@roucet.com\">info@roucet.com<\/a><br \/><strong>Phone: <\/strong>450-582-2882<br \/><strong>Website:<\/strong> <a href=\"http:\/\/www.roucet.com\/\" target=\"_blank\" rel=\"noopener noreferrer\">www.roucet.com<\/a><\/p>\n<p><strong>Province<\/strong><strong>: <\/strong>Ontario<br \/><strong>Company&#8217;s Name: <\/strong>Le Sommelier Inc.<br \/><strong>Person contact name: <\/strong>Bernard Stramwasser<br \/><strong>Email: <\/strong><a href=\"mailto:vinfo@lesommelier.com\">vinfo@lesommelier.com<\/a><br \/><strong>Phone: <\/strong>1-416-603-7026<br \/><strong>Website:<\/strong> <a href=\"http:\/\/www.lesommelier.com\/\" target=\"_blank\" rel=\"noopener noreferrer\">www.lesommelier.com<\/a><\/p>\n<h4>UNITED STATES OF AMERICA<\/h4>\n<p><strong>State<\/strong><strong>: <\/strong>New York, New Jersey, Connecticut<br \/><strong>Company&#8217;s Name: <\/strong>Skurnik Wines<br \/><strong>Person contact name: <\/strong>Andrew Mulligan, Max Mann<br \/><strong>Email: <\/strong><a href=\"mailto:mworking@skurnikwines.com\">mworking@skurnikwines.com<\/a><br \/><strong>Phone: <\/strong>+1 212 273 9463<br \/><strong>Website:<\/strong> <a href=\"http:\/\/www.skurnik.com\/\" target=\"_blank\" rel=\"noopener noreferrer\">www.skurnik.com<\/a><\/p>\n<p><strong>State<\/strong><strong>: <\/strong>Virginia, Washington D.C., Maryland, Ilionais<br \/><strong>Company&#8217;s Name: <\/strong>Free Run Winemerchants<br \/><strong>Website:<\/strong> <a href=\"https:\/\/freerunwinemerchants.com\" target=\"_blank\" rel=\"noopener noreferrer\">www.freerunwinemerchants.com<\/a><\/p>\n<p><strong>State<\/strong><strong>: <\/strong>California<br \/><strong>Company&#8217;s Name: <\/strong>WineWise LLC<br \/><strong>Person contact name: <\/strong>Brian Greenwood \/ Hiram Simon<br \/><strong>Email: <\/strong><a href=\"mailto:brian@winewise.biz\">brian@winewise.biz<\/a> \/\u00a0 <a href=\"mailto:hiram@winewise.biz\">hiram@winewise.biz<\/a><br \/><strong>Phone: <\/strong>001 510 524 2270 \/ 001 510 848 6879<br \/><strong>Website:<\/strong> <a href=\"http:\/\/winewise.biz\/\" target=\"_blank\" rel=\"noopener noreferrer\">www.winewise.biz<\/a><\/p>\n<p><strong>State<\/strong><strong>: <\/strong>Massachusetts<br \/><strong>Website:<\/strong> <a href=\"http:\/\/www.ozwinecompany.com\/\" target=\"_blank\" rel=\"noopener noreferrer\">https:\/\/www.ozwinecompany.com<\/a><\/p>\n<p><strong>State<\/strong><strong>: <\/strong>Oregon<br \/><strong>Website:<\/strong> <a href=\"https:\/\/www.pdxwine.net\" target=\"_blank\" rel=\"noopener noreferrer\">www.pdxwine.net<\/a><\/p>\n\t\t<\/div>\n\t<\/div>\n\t\n\t<div id=\"accordion-1609873323\" class=\"accordion-item\">\n\t\t<a id=\"accordion-1609873323-label\" class=\"accordion-title plain\" href=\"#accordion-item-south-america\" aria-expanded=\"false\" aria-controls=\"accordion-1609873323-content\">\n\t\t\t<button class=\"toggle\" aria-label=\"Toggle\"><i class=\"icon-angle-down\" aria-hidden=\"true\"><\/i><\/button>\n\t\t\t<span>South America<\/span>\n\t\t<\/a>\n\t\t<div id=\"accordion-1609873323-content\" class=\"accordion-inner\" aria-labelledby=\"accordion-1609873323-label\">\n\t\t\t\n<p>Brasil<\/p>\n<p><strong>Company&#8217;s Name: <\/strong>Cellar<br \/><strong>Website:<\/strong> <a href=\"https:\/\/www.cellarvinhos.com\/\" target=\"_blank\" rel=\"noopener noreferrer\">https:\/\/www.cellarvinhos.com\/<\/a><\/p>\n\t\t<\/div>\n\t<\/div>\n\t\n<\/div>\n\t\t<\/div>\n\t\t\t\t\t<\/div>\n\n\t\n<\/div>\n","protected":false},"excerpt":{"rendered":"","protected":false},"author":1,"featured_media":0,"parent":0,"menu_order":0,"comment_status":"closed","ping_status":"closed","template":"","meta":{"footnotes":""},"class_list":["post-19","page","type-page","status-publish","hentry"],"yoast_head":"<!-- This site is optimized with the Yoast SEO plugin v26.6 - https:\/\/yoast.com\/wordpress\/plugins\/seo\/ -->\n<title>Distributors - Aphros Wine<\/title>\n<meta name=\"robots\" content=\"index, follow, max-snippet:-1, max-image-preview:large, max-video-preview:-1\" \/>\n<link rel=\"canonical\" href=\"https:\/\/aphros-wine.com\/en\/distributors\/\" \/>\n<meta property=\"og:locale\" content=\"en_US\" \/>\n<meta property=\"og:type\" content=\"article\" \/>\n<meta property=\"og:title\" content=\"Distributors - Aphros Wine\" \/>\n<meta property=\"og:url\" content=\"https:\/\/aphros-wine.com\/en\/distributors\/\" \/>\n<meta property=\"og:site_name\" content=\"Aphros Wine\" \/>\n<meta property=\"article:publisher\" content=\"https:\/\/www.facebook.com\/AphrosWine\/\" \/>\n<meta property=\"article:modified_time\" content=\"2024-01-16T16:35:46+00:00\" \/>\n<meta name=\"twitter:card\" content=\"summary_large_image\" \/>\n<meta name=\"twitter:label1\" content=\"Est. reading time\" \/>\n\t<meta name=\"twitter:data1\" content=\"3 minutes\" \/>\n<script type=\"application\/ld+json\" class=\"yoast-schema-graph\">{\"@context\":\"https:\/\/schema.org\",\"@graph\":[{\"@type\":\"WebPage\",\"@id\":\"https:\/\/aphros-wine.com\/en\/distributors\/\",\"url\":\"https:\/\/aphros-wine.com\/en\/distributors\/\",\"name\":\"Distributors - Aphros Wine\",\"isPartOf\":{\"@id\":\"https:\/\/aphros-wine.com\/en\/#website\"},\"datePublished\":\"2017-09-30T14:23:19+00:00\",\"dateModified\":\"2024-01-16T16:35:46+00:00\",\"breadcrumb\":{\"@id\":\"https:\/\/aphros-wine.com\/en\/distributors\/#breadcrumb\"},\"inLanguage\":\"en-US\",\"potentialAction\":[{\"@type\":\"ReadAction\",\"target\":[\"https:\/\/aphros-wine.com\/en\/distributors\/\"]}]},{\"@type\":\"BreadcrumbList\",\"@id\":\"https:\/\/aphros-wine.com\/en\/distributors\/#breadcrumb\",\"itemListElement\":[{\"@type\":\"ListItem\",\"position\":1,\"name\":\"Home\",\"item\":\"https:\/\/aphros-wine.com\/en\/\"},{\"@type\":\"ListItem\",\"position\":2,\"name\":\"Distributors\"}]},{\"@type\":\"WebSite\",\"@id\":\"https:\/\/aphros-wine.com\/en\/#website\",\"url\":\"https:\/\/aphros-wine.com\/en\/\",\"name\":\"Aphros Wine\",\"description\":\"Aphros wines is a project led by Vasco Croft, one of the pioneers of Biodynamic farming and wine making in Portugal.\",\"publisher\":{\"@id\":\"https:\/\/aphros-wine.com\/en\/#organization\"},\"potentialAction\":[{\"@type\":\"SearchAction\",\"target\":{\"@type\":\"EntryPoint\",\"urlTemplate\":\"https:\/\/aphros-wine.com\/en\/?s={search_term_string}\"},\"query-input\":{\"@type\":\"PropertyValueSpecification\",\"valueRequired\":true,\"valueName\":\"search_term_string\"}}],\"inLanguage\":\"en-US\"},{\"@type\":\"Organization\",\"@id\":\"https:\/\/aphros-wine.com\/en\/#organization\",\"name\":\"Aphros Wine\",\"url\":\"https:\/\/aphros-wine.com\/en\/\",\"logo\":{\"@type\":\"ImageObject\",\"inLanguage\":\"en-US\",\"@id\":\"https:\/\/aphros-wine.com\/en\/#\/schema\/logo\/image\/\",\"url\":\"https:\/\/aphros-wine.com\/en\/wp-content\/uploads\/2017\/12\/logo_tr.png\",\"contentUrl\":\"https:\/\/aphros-wine.com\/en\/wp-content\/uploads\/2017\/12\/logo_tr.png\",\"width\":294,\"height\":185,\"caption\":\"Aphros Wine\"},\"image\":{\"@id\":\"https:\/\/aphros-wine.com\/en\/#\/schema\/logo\/image\/\"},\"sameAs\":[\"https:\/\/www.facebook.com\/AphrosWine\/\",\"https:\/\/www.youtube.com\/channel\/UCKptJebC6V6ii8_iYDfJ4vg\"]}]}<\/script>\n<!-- \/ Yoast SEO plugin. -->","yoast_head_json":{"title":"Distributors - Aphros Wine","robots":{"index":"index","follow":"follow","max-snippet":"max-snippet:-1","max-image-preview":"max-image-preview:large","max-video-preview":"max-video-preview:-1"},"canonical":"https:\/\/aphros-wine.com\/en\/distributors\/","og_locale":"en_US","og_type":"article","og_title":"Distributors - Aphros Wine","og_url":"https:\/\/aphros-wine.com\/en\/distributors\/","og_site_name":"Aphros Wine","article_publisher":"https:\/\/www.facebook.com\/AphrosWine\/","article_modified_time":"2024-01-16T16:35:46+00:00","twitter_card":"summary_large_image","twitter_misc":{"Est. reading time":"3 minutes"},"schema":{"@context":"https:\/\/schema.org","@graph":[{"@type":"WebPage","@id":"https:\/\/aphros-wine.com\/en\/distributors\/","url":"https:\/\/aphros-wine.com\/en\/distributors\/","name":"Distributors - Aphros Wine","isPartOf":{"@id":"https:\/\/aphros-wine.com\/en\/#website"},"datePublished":"2017-09-30T14:23:19+00:00","dateModified":"2024-01-16T16:35:46+00:00","breadcrumb":{"@id":"https:\/\/aphros-wine.com\/en\/distributors\/#breadcrumb"},"inLanguage":"en-US","potentialAction":[{"@type":"ReadAction","target":["https:\/\/aphros-wine.com\/en\/distributors\/"]}]},{"@type":"BreadcrumbList","@id":"https:\/\/aphros-wine.com\/en\/distributors\/#breadcrumb","itemListElement":[{"@type":"ListItem","position":1,"name":"Home","item":"https:\/\/aphros-wine.com\/en\/"},{"@type":"ListItem","position":2,"name":"Distributors"}]},{"@type":"WebSite","@id":"https:\/\/aphros-wine.com\/en\/#website","url":"https:\/\/aphros-wine.com\/en\/","name":"Aphros Wine","description":"Aphros wines is a project led by Vasco Croft, one of the pioneers of Biodynamic farming and wine making in Portugal.","publisher":{"@id":"https:\/\/aphros-wine.com\/en\/#organization"},"potentialAction":[{"@type":"SearchAction","target":{"@type":"EntryPoint","urlTemplate":"https:\/\/aphros-wine.com\/en\/?s={search_term_string}"},"query-input":{"@type":"PropertyValueSpecification","valueRequired":true,"valueName":"search_term_string"}}],"inLanguage":"en-US"},{"@type":"Organization","@id":"https:\/\/aphros-wine.com\/en\/#organization","name":"Aphros Wine","url":"https:\/\/aphros-wine.com\/en\/","logo":{"@type":"ImageObject","inLanguage":"en-US","@id":"https:\/\/aphros-wine.com\/en\/#\/schema\/logo\/image\/","url":"https:\/\/aphros-wine.com\/en\/wp-content\/uploads\/2017\/12\/logo_tr.png","contentUrl":"https:\/\/aphros-wine.com\/en\/wp-content\/uploads\/2017\/12\/logo_tr.png","width":294,"height":185,"caption":"Aphros Wine"},"image":{"@id":"https:\/\/aphros-wine.com\/en\/#\/schema\/logo\/image\/"},"sameAs":["https:\/\/www.facebook.com\/AphrosWine\/","https:\/\/www.youtube.com\/channel\/UCKptJebC6V6ii8_iYDfJ4vg"]}]}},"_links":{"self":[{"href":"https:\/\/aphros-wine.com\/en\/wp-json\/wp\/v2\/pages\/19","targetHints":{"allow":["GET"]}}],"collection":[{"href":"https:\/\/aphros-wine.com\/en\/wp-json\/wp\/v2\/pages"}],"about":[{"href":"https:\/\/aphros-wine.com\/en\/wp-json\/wp\/v2\/types\/page"}],"author":[{"embeddable":true,"href":"https:\/\/aphros-wine.com\/en\/wp-json\/wp\/v2\/users\/1"}],"replies":[{"embeddable":true,"href":"https:\/\/aphros-wine.com\/en\/wp-json\/wp\/v2\/comments?post=19"}],"version-history":[{"count":52,"href":"https:\/\/aphros-wine.com\/en\/wp-json\/wp\/v2\/pages\/19\/revisions"}],"predecessor-version":[{"id":1902,"href":"https:\/\/aphros-wine.com\/en\/wp-json\/wp\/v2\/pages\/19\/revisions\/1902"}],"wp:attachment":[{"href":"https:\/\/aphros-wine.com\/en\/wp-json\/wp\/v2\/media?parent=19"}],"curies":[{"name":"wp","href":"https:\/\/api.w.org\/{rel}","templated":true}]}}